{"id":69,"date":"2021-08-18T19:06:41","date_gmt":"2021-08-18T17:06:41","guid":{"rendered":"http:\/\/wp1032680.server-he.de\/?page_id=69"},"modified":"2021-09-13T20:04:11","modified_gmt":"2021-09-13T18:04:11","slug":"sport","status":"publish","type":"page","link":"http:\/\/sweet-home-egypt.de\/en\/sport\/","title":{"rendered":"Sports"},"content":{"rendered":"<p>[et_pb_section fb_built=&#8220;1&#8243; admin_label=&#8220;Hero&#8220; _builder_version=&#8220;3.22&#8243; custom_padding=&#8220;80px|0px|54px|0px|false|false&#8220; global_colors_info=&#8220;{}&#8220;][et_pb_row _builder_version=&#8220;3.25&#8243; background_size=&#8220;initial&#8220; background_position=&#8220;top_left&#8220; background_repeat=&#8220;repeat&#8220; max_width=&#8220;700px&#8220; use_custom_width=&#8220;on&#8220; custom_width_px=&#8220;700px&#8220; global_colors_info=&#8220;{}&#8220;][et_pb_column type=&#8220;4_4&#8243; _builder_version=&#8220;3.25&#8243; custom_padding=&#8220;|||&#8220; global_colors_info=&#8220;{}&#8220; custom_padding__hover=&#8220;|||&#8220;][et_pb_text _builder_version=&#8220;3.27.4&#8243; text_font=&#8220;Teko||||||||&#8220; text_text_color=&#8220;#c10f1b&#8220; text_font_size=&#8220;26px&#8220; text_line_height=&#8220;1.2em&#8220; ul_font=&#8220;||||||||&#8220; header_font=&#8220;Teko|||on|||||&#8220; header_font_size=&#8220;96px&#8220; header_letter_spacing=&#8220;2px&#8220; header_line_height=&#8220;0.9em&#8220; text_orientation=&#8220;center&#8220; custom_margin=&#8220;|||&#8220; header_font_size_tablet=&#8220;66px&#8220; header_font_size_phone=&#8220;36px&#8220; header_font_size_last_edited=&#8220;on|phone&#8220; global_colors_info=&#8220;{}&#8220;]<\/p>\n<h1>ACTIVITIES<\/h1>\n<p>[\/et_pb_text][\/et_pb_column][\/et_pb_row][\/et_pb_section][et_pb_section fb_built=&#8220;1&#8243; fullwidth=&#8220;on&#8220; _builder_version=&#8220;4.9.11&#8243; use_background_color_gradient=&#8220;on&#8220; background_color_gradient_start=&#8220;#ffffff&#8220; background_color_gradient_end=&#8220;rgba(0,0,0,0)&#8220; background_image=&#8220;http:\/\/sweet-home-egypt.de\/wp-b580d-content\/uploads\/2021\/08\/kitTop-1.jpg&#8220; min_height=&#8220;562px&#8220; custom_margin=&#8220;||15px|||&#8220; custom_padding=&#8220;||426px|||&#8220; bottom_divider_style=&#8220;arrow&#8220; bottom_divider_color=&#8220;#ffffff&#8220; bottom_divider_height_tablet=&#8220;&#8220; bottom_divider_height_phone=&#8220;50px&#8220; bottom_divider_height_last_edited=&#8220;on|phone&#8220; animation_style=&#8220;slide&#8220; animation_direction=&#8220;top&#8220; animation_intensity_slide=&#8220;4%&#8220; global_colors_info=&#8220;{}&#8220;][\/et_pb_section][et_pb_section fb_built=&#8220;1&#8243; admin_label=&#8220;Features&#8220; _builder_version=&#8220;3.22&#8243; min_height=&#8220;900px&#8220; custom_padding=&#8220;|||&#8220; global_colors_info=&#8220;{}&#8220;][et_pb_row column_structure=&#8220;1_4,1_4,1_4,1_4&#8243; admin_label=&#8220;Main Specs&#8220; _builder_version=&#8220;3.25&#8243; custom_padding=&#8220;||0px|||&#8220; global_colors_info=&#8220;{}&#8220;][et_pb_column type=&#8220;1_4&#8243; _builder_version=&#8220;3.25&#8243; custom_padding=&#8220;|||&#8220; global_colors_info=&#8220;{}&#8220; custom_padding__hover=&#8220;|||&#8220;][et_pb_blurb title=&#8220;Kitesurfen&#8220; _builder_version=&#8220;4.9.11&#8243; header_level=&#8220;h3&#8243; header_font=&#8220;Teko|500|||||||&#8220; body_font=&#8220;Lato||||||||&#8220; body_font_size=&#8220;16px&#8220; body_line_height=&#8220;1.8em&#8220; text_orientation=&#8220;center&#8220; global_colors_info=&#8220;{}&#8220;][\/et_pb_blurb][\/et_pb_column][et_pb_column type=&#8220;1_4&#8243; _builder_version=&#8220;3.25&#8243; custom_padding=&#8220;|||&#8220; global_colors_info=&#8220;{}&#8220; custom_padding__hover=&#8220;|||&#8220;][et_pb_blurb title=&#8220;Tauchen&#8220; _builder_version=&#8220;4.9.11&#8243; header_level=&#8220;h3&#8243; header_font=&#8220;Teko|500|||||||&#8220; body_font=&#8220;Lato||||||||&#8220; body_font_size=&#8220;16px&#8220; body_line_height=&#8220;1.8em&#8220; text_orientation=&#8220;center&#8220; locked=&#8220;off&#8220; global_colors_info=&#8220;{}&#8220;][\/et_pb_blurb][\/et_pb_column][et_pb_column type=&#8220;1_4&#8243; _builder_version=&#8220;3.25&#8243; custom_padding=&#8220;|||&#8220; global_colors_info=&#8220;{}&#8220; custom_padding__hover=&#8220;|||&#8220;][et_pb_blurb title=&#8220;Reiten&#8220; _builder_version=&#8220;4.9.11&#8243; header_level=&#8220;h3&#8243; header_font=&#8220;Teko|500|||||||&#8220; body_font=&#8220;Lato||||||||&#8220; body_font_size=&#8220;16px&#8220; body_line_height=&#8220;1.8em&#8220; text_orientation=&#8220;center&#8220; locked=&#8220;off&#8220; global_colors_info=&#8220;{}&#8220;][\/et_pb_blurb][\/et_pb_column][et_pb_column type=&#8220;1_4&#8243; _builder_version=&#8220;3.25&#8243; custom_padding=&#8220;|||&#8220; global_colors_info=&#8220;{}&#8220; custom_padding__hover=&#8220;|||&#8220;][et_pb_blurb title=&#8220;Schnorcheln&#8220; _builder_version=&#8220;4.9.11&#8243; header_level=&#8220;h3&#8243; header_font=&#8220;Teko|500|||||||&#8220; body_font=&#8220;Lato||||||||&#8220; body_font_size=&#8220;16px&#8220; body_line_height=&#8220;1.8em&#8220; text_orientation=&#8220;center&#8220; locked=&#8220;off&#8220; global_colors_info=&#8220;{}&#8220;][\/et_pb_blurb][\/et_pb_column][\/et_pb_row][et_pb_row column_structure=&#8220;1_4,1_4,1_4,1_4&#8243; _builder_version=&#8220;3.25&#8243; custom_margin=&#8220;|||&#8220; global_colors_info=&#8220;{}&#8220;][et_pb_column type=&#8220;1_4&#8243; _builder_version=&#8220;3.25&#8243; custom_padding=&#8220;|||&#8220; global_colors_info=&#8220;{}&#8220; custom_padding__hover=&#8220;|||&#8220;][et_pb_image src=&#8220;http:\/\/sweet-home-egypt.de\/wp-b580d-content\/uploads\/2021\/08\/kiteNy.jpg&#8220; title_text=&#8220;kiteNy&#8220; show_in_lightbox=&#8220;on&#8220; force_fullwidth=&#8220;on&#8220; align_tablet=&#8220;center&#8220; align_phone=&#8220;&#8220; align_last_edited=&#8220;on|desktop&#8220; _builder_version=&#8220;4.10.7&#8243; animation_style=&#8220;zoom&#8220; animation_intensity_zoom=&#8220;10%&#8220; hover_enabled=&#8220;0&#8243; global_colors_info=&#8220;{}&#8220; sticky_enabled=&#8220;0&#8243;][\/et_pb_image][\/et_pb_column][et_pb_column type=&#8220;1_4&#8243; _builder_version=&#8220;3.25&#8243; custom_padding=&#8220;|||&#8220; global_colors_info=&#8220;{}&#8220; custom_padding__hover=&#8220;|||&#8220;][et_pb_image src=&#8220;http:\/\/sweet-home-egypt.de\/wp-b580d-content\/uploads\/2021\/08\/diving4.jpg&#8220; title_text=&#8220;diving4&#8243; show_in_lightbox=&#8220;on&#8220; force_fullwidth=&#8220;on&#8220; align_tablet=&#8220;center&#8220; align_phone=&#8220;&#8220; align_last_edited=&#8220;on|desktop&#8220; _builder_version=&#8220;4.9.11&#8243; animation_style=&#8220;zoom&#8220; animation_intensity_zoom=&#8220;10%&#8220; global_colors_info=&#8220;{}&#8220;][\/et_pb_image][\/et_pb_column][et_pb_column type=&#8220;1_4&#8243; _builder_version=&#8220;3.25&#8243; custom_padding=&#8220;|||&#8220; global_colors_info=&#8220;{}&#8220; custom_padding__hover=&#8220;|||&#8220;][et_pb_image src=&#8220;http:\/\/sweet-home-egypt.de\/wp-b580d-content\/uploads\/2021\/08\/horseriding1.jpg&#8220; title_text=&#8220;horseriding1&#8243; show_in_lightbox=&#8220;on&#8220; force_fullwidth=&#8220;on&#8220; align_tablet=&#8220;center&#8220; align_phone=&#8220;&#8220; align_last_edited=&#8220;on|desktop&#8220; _builder_version=&#8220;4.9.11&#8243; animation_style=&#8220;zoom&#8220; animation_intensity_zoom=&#8220;10%&#8220; global_colors_info=&#8220;{}&#8220;][\/et_pb_image][\/et_pb_column][et_pb_column type=&#8220;1_4&#8243; _builder_version=&#8220;3.25&#8243; custom_padding=&#8220;|||&#8220; global_colors_info=&#8220;{}&#8220; custom_padding__hover=&#8220;|||&#8220;][et_pb_image src=&#8220;http:\/\/sweet-home-egypt.de\/wp-b580d-content\/uploads\/2021\/08\/dolphin-1.jpg&#8220; title_text=&#8220;dolphin&#8220; _builder_version=&#8220;4.9.11&#8243; _module_preset=&#8220;default&#8220; global_colors_info=&#8220;{}&#8220;][\/et_pb_image][\/et_pb_column][\/et_pb_row][et_pb_row column_structure=&#8220;1_4,1_4,1_4,1_4&#8243; admin_label=&#8220;Detailed Specs&#8220; _builder_version=&#8220;3.25&#8243; locked=&#8220;off&#8220; global_colors_info=&#8220;{}&#8220;][et_pb_column type=&#8220;1_4&#8243; _builder_version=&#8220;3.25&#8243; custom_padding=&#8220;|||&#8220; global_colors_info=&#8220;{}&#8220; custom_padding__hover=&#8220;|||&#8220;][et_pb_text _builder_version=&#8220;4.9.11&#8243; _module_preset=&#8220;default&#8220; global_colors_info=&#8220;{}&#8220;]<\/p>\n<h4>RIGHT OUTSIDE OF YOUR ROOM &amp; DIRECT ON THE BOARD<\/h4>\n<p>&nbsp;<\/p>\n<h1>Kitesurfing<\/h1>\n<p>There is enough space to start your Kite a tour Privat Beach. Experienced kitesurfers can kitesurf independent of the tide in the so-called \u201cpool\u201d in the ocean. If you want to learn kitensurfing, an international Kite Center is right next door. Against payment you can also book courses or Kiteservice (building, storage, taking off and landing as well as the emergency services in case of emergency). When you leave Seahorse Bay, your kite will be cleaned and packed in your bag, so you can enjoy the holidays without trouble.\n\nKitesurfing is fun, as you can see on these pictures!<\/p>\n<p>Kitesurfing is fun, as you can see on these pictures!<\/p>\n<p>[\/et_pb_text][\/et_pb_column][et_pb_column type=&#8220;1_4&#8243; _builder_version=&#8220;3.25&#8243; custom_padding=&#8220;|||&#8220; global_colors_info=&#8220;{}&#8220; custom_padding__hover=&#8220;|||&#8220;][et_pb_text _builder_version=&#8220;4.10.7&#8243; _module_preset=&#8220;default&#8220; global_colors_info=&#8220;{}&#8220;]<\/p>\n<h4>DISCOVER AMAZING REEFS IN HURGADHA<\/h4>\n<p>&nbsp;<\/p>\n<h1>Diving<\/h1>\n<p>uring a day of diving you will see a huge variety of fish, corals and other marine animals. The Red Sea is colorful and full of life underwater.<\/p>\n<p>The Dive Center is located just 3 minutes of walk by the beach. They offer daily diving and the dive boat is located only a few steps away from our hotel.<\/p>\n<p><span>Contact us for price and booking and we will gladly help you to get the best diving experience here in Hurghada.<\/span><\/p>\n<p>[\/et_pb_text][\/et_pb_column][et_pb_column type=&#8220;1_4&#8243; _builder_version=&#8220;3.25&#8243; custom_padding=&#8220;|||&#8220; global_colors_info=&#8220;{}&#8220; custom_padding__hover=&#8220;|||&#8220;][et_pb_text _builder_version=&#8220;4.10.7&#8243; _module_preset=&#8220;default&#8220; global_colors_info=&#8220;{}&#8220;]<\/p>\n<h4>THE HAPPINESS OF THE EARTH IS ON THE BACK OF THE HORSE<\/h4>\n<p>&nbsp;<\/p>\n<h1>Horse Riding<\/h1>\n<p>There is a riding stable in the immediate vicinity of our hotel. The horses are very well cared for and easy to ride. From there you can experience horse rides on the beach, in the sea and in the desert.<\/p>\n<p>As an early riser, you can ride towards the sunrise or experience the sunset on horseback in the evening.<\/p>\n<p><span>Contact us for price and booking and we will gladly help you to get the best diving experience here in Hurghada.<\/span><\/p>\n<p>[\/et_pb_text][\/et_pb_column][et_pb_column type=&#8220;1_4&#8243; _builder_version=&#8220;3.25&#8243; custom_padding=&#8220;|||&#8220; global_colors_info=&#8220;{}&#8220; custom_padding__hover=&#8220;|||&#8220;][et_pb_text _builder_version=&#8220;4.10.7&#8243; _module_preset=&#8220;default&#8220; global_colors_info=&#8220;{}&#8220;]<\/p>\n<h4>RIGHT IN FRONT OF THE DOOR<\/h4>\n<p>&nbsp;&nbsp;<\/p>\n<h1>Snorkelling<\/h1>\n<p>You can snorkel in the house reef right in front of our oasis.<\/p>\n<p>You don't necessarily have to be able to dive to get to know the beauty of the underwater world.<\/p>\n<p>You can also experience a lot while snorkeling on the surface of the sea.<\/p>\n<p>On our house reef you will find rays, surgeon fish, parrot fish, anemones, clown fish, moray eels, sea urchins, sea cucumbers and puffer fish, etc. Now and then dolphins also come to the bay.<\/p>\n<p><span>Who does not like to snorkel?<\/span><\/p>\n<p>[\/et_pb_text][\/et_pb_column][\/et_pb_row][\/et_pb_section][et_pb_section fb_built=&#8220;1&#8243; prev_background_color=&#8220;#ffffff&#8220; admin_label=&#8220;Financing&#8220; _builder_version=&#8220;4.10.7&#8243; use_background_color_gradient=&#8220;on&#8220; background_color_gradient_start=&#8220;rgba(27,31,37,0.3)&#8220; background_color_gradient_end=&#8220;#1b1f25&#8243; background_color_gradient_overlays_image=&#8220;on&#8220; background_image=&#8220;http:\/\/sweet-home-egypt.de\/wp-b580d-content\/uploads\/2021\/08\/kitTop-1.jpg&#8220; custom_padding=&#8220;250px||0px||false|false&#8220; top_divider_style=&#8220;arrow&#8220; top_divider_flip=&#8220;vertical&#8220; top_divider_height_tablet=&#8220;&#8220; top_divider_height_phone=&#8220;50px&#8220; top_divider_height_last_edited=&#8220;on|phone&#8220; global_colors_info=&#8220;{}&#8220;][et_pb_row _builder_version=&#8220;3.25&#8243; custom_padding=&#8220;0|0px|0px|0px|false|false&#8220; mix_blend_mode=&#8220;overlay&#8220; animation_style=&#8220;zoom&#8220; animation_intensity_zoom=&#8220;20%&#8220; global_colors_info=&#8220;{}&#8220;][et_pb_column type=&#8220;4_4&#8243; _builder_version=&#8220;3.25&#8243; custom_padding=&#8220;|||&#8220; global_colors_info=&#8220;{}&#8220; custom_padding__hover=&#8220;|||&#8220;][et_pb_text _builder_version=&#8220;4.9.11&#8243; text_font=&#8220;Teko|500||on|||||&#8220; text_font_size=&#8220;500px&#8220; text_line_height=&#8220;0.5em&#8220; header_font=&#8220;||||||||&#8220; text_orientation=&#8220;center&#8220; background_layout=&#8220;dark&#8220; custom_margin=&#8220;||-60px|&#8220; filter_blur=&#8220;4px&#8220; text_font_size_tablet=&#8220;300px&#8220; text_font_size_phone=&#8220;230px&#8220; text_font_size_last_edited=&#8220;on|phone&#8220; global_colors_info=&#8220;{}&#8220;]<\/p>\n<p>Sports<\/p>\n<p>[\/et_pb_text][\/et_pb_column][\/et_pb_row][et_pb_row module_class=&#8220; et_pb_row_fullwidth&#8220; _builder_version=&#8220;3.25&#8243; width=&#8220;89%&#8220; width_tablet=&#8220;80%&#8220; width_phone=&#8220;&#8220; width_last_edited=&#8220;on|desktop&#8220; max_width=&#8220;89%&#8220; max_width_tablet=&#8220;80%&#8220; max_width_phone=&#8220;&#8220; max_width_last_edited=&#8220;on|desktop&#8220; custom_margin=&#8220;|||&#8220; custom_padding=&#8220;0|0px|0px|0px|false|false&#8220; make_fullwidth=&#8220;on&#8220; global_colors_info=&#8220;{}&#8220;][et_pb_column type=&#8220;4_4&#8243; _builder_version=&#8220;3.25&#8243; custom_padding=&#8220;|||&#8220; global_colors_info=&#8220;{}&#8220; custom_padding__hover=&#8220;|||&#8220;][et_pb_text _builder_version=&#8220;4.9.11&#8243; text_font=&#8220;||||||||&#8220; header_font=&#8220;||||||||&#8220; header_line_height=&#8220;0.7em&#8220; header_2_font=&#8220;Teko|500||on|||||&#8220; header_2_text_color=&#8220;#ffffff&#8220; header_2_font_size=&#8220;9vw&#8220; header_2_line_height=&#8220;1.2em&#8220; text_orientation=&#8220;center&#8220; animation_style=&#8220;zoom&#8220; animation_delay=&#8220;100ms&#8220; animation_intensity_zoom=&#8220;20%&#8220; header_line_height_tablet=&#8220;&#8220; header_line_height_phone=&#8220;1.2em&#8220; header_line_height_last_edited=&#8220;on|phone&#8220; global_colors_info=&#8220;{}&#8220;]<\/p>\n<h2>Sports<\/h2>\n<p>[\/et_pb_text][\/et_pb_column][\/et_pb_row][et_pb_row _builder_version=&#8220;3.25&#8243; custom_margin=&#8220;|||&#8220; custom_padding=&#8220;||0px|&#8220; locked=&#8220;off&#8220; global_colors_info=&#8220;{}&#8220;][et_pb_column type=&#8220;4_4&#8243; _builder_version=&#8220;3.25&#8243; custom_padding=&#8220;|||&#8220; global_colors_info=&#8220;{}&#8220; custom_padding__hover=&#8220;|||&#8220;][\/et_pb_column][\/et_pb_row][\/et_pb_section]<\/p>","protected":false},"excerpt":{"rendered":"<p>Aktivit\u00e4tenRAUS AUS DEM BETT &amp; DIREKT AUF`S BRETT &nbsp; Kitesurfen Wir haben einen eigenen Strand mit sehr gro\u00dfem Stehrevier und Platz genug um die Kites aufzubauen. Es gibt einen \u201ePool\u201c im Meer, in dem Kiter zu jedem Tidenstand aktiv sein k\u00f6nnen. Wenn Sie kitesurfen lernen m\u00f6chten, ist ein internationales Kite-Center direkt nebenan. Gegen Bezahlung k\u00f6nnen [&hellip;]<\/p>","protected":false},"author":1,"featured_media":0,"parent":0,"menu_order":0,"comment_status":"closed","ping_status":"closed","template":"","meta":{"_et_pb_use_builder":"on","_et_pb_old_content":"<!-- wp:divi\/placeholder \/-->","_et_gb_content_width":"","footnotes":""},"class_list":["post-69","page","type-page","status-publish","hentry"],"_links":{"self":[{"href":"http:\/\/sweet-home-egypt.de\/en\/wp-json\/wp\/v2\/pages\/69","targetHints":{"allow":["GET"]}}],"collection":[{"href":"http:\/\/sweet-home-egypt.de\/en\/wp-json\/wp\/v2\/pages"}],"about":[{"href":"http:\/\/sweet-home-egypt.de\/en\/wp-json\/wp\/v2\/types\/page"}],"author":[{"embeddable":true,"href":"http:\/\/sweet-home-egypt.de\/en\/wp-json\/wp\/v2\/users\/1"}],"replies":[{"embeddable":true,"href":"http:\/\/sweet-home-egypt.de\/en\/wp-json\/wp\/v2\/comments?post=69"}],"version-history":[{"count":10,"href":"http:\/\/sweet-home-egypt.de\/en\/wp-json\/wp\/v2\/pages\/69\/revisions"}],"predecessor-version":[{"id":620,"href":"http:\/\/sweet-home-egypt.de\/en\/wp-json\/wp\/v2\/pages\/69\/revisions\/620"}],"wp:attachment":[{"href":"http:\/\/sweet-home-egypt.de\/en\/wp-json\/wp\/v2\/media?parent=69"}],"curies":[{"name":"wp","href":"https:\/\/api.w.org\/{rel}","templated":true}]}}