{"id":67,"date":"2021-08-18T19:06:25","date_gmt":"2021-08-18T17:06:25","guid":{"rendered":"http:\/\/wp1032680.server-he.de\/?page_id=67"},"modified":"2026-01-27T15:56:53","modified_gmt":"2026-01-27T13:56:53","slug":"preise","status":"publish","type":"page","link":"http:\/\/sweet-home-egypt.de\/en\/preise\/","title":{"rendered":"Prices"},"content":{"rendered":"<p>[et_pb_section fb_built=&#8220;1&#8243; custom_padding_last_edited=&#8220;on|tablet&#8220; admin_label=&#8220;Hero&#8220; _builder_version=&#8220;4.16&#8243; use_background_color_gradient=&#8220;on&#8220; background_color_gradient_stops=&#8220;rgba(255,255,255,0.84) 0%|#ffffff 100%&#8220; background_color_gradient_overlays_image=&#8220;on&#8220; background_color_gradient_start=&#8220;rgba(255,255,255,0.84)&#8220; background_color_gradient_end=&#8220;#ffffff&#8220; background_image=&#8220;http:\/\/sweet-home-egypt.de\/wp-b580d-content\/uploads\/2021\/08\/P1010083.jpg&#8220; custom_margin=&#8220;0px|||&#8220; custom_padding=&#8220;0px|10%|0px|10%|true|true&#8220; custom_padding_tablet=&#8220;|30px||30px||true&#8220; custom_padding_phone=&#8220;|||||true&#8220; locked=&#8220;off&#8220; global_colors_info=&#8220;{}&#8220;][et_pb_row padding_top_bottom_link_1=&#8220;false&#8220; padding_left_right_link_1=&#8220;true&#8220; _builder_version=&#8220;4.16&#8243; background_size=&#8220;initial&#8220; background_position=&#8220;top_left&#8220; width=&#8220;100%&#8220; max_width=&#8220;100%&#8220; min_height=&#8220;347px&#8220; custom_margin=&#8220;|||&#8220; custom_padding=&#8220;0||0px||false|false&#8220; use_custom_width=&#8220;on&#8220; width_unit=&#8220;off&#8220; custom_width_percent=&#8220;100%&#8220; global_colors_info=&#8220;{}&#8220;][et_pb_column type=&#8220;4_4&#8243; _builder_version=&#8220;4.16&#8243; use_background_color_gradient=&#8220;on&#8220; background_color_gradient_stops=&#8220;rgba(0,0,0,0.07) 0%|rgba(255,255,255,0) 100%&#8220; background_color_gradient_start=&#8220;rgba(0,0,0,0.07)&#8220; background_color_gradient_end=&#8220;rgba(255,255,255,0)&#8220; custom_padding=&#8220;10vw|40px|80px|40px&#8220; custom_padding_tablet=&#8220;|||&#8220; custom_padding_phone=&#8220;|10px||10px||true&#8220; custom_padding_last_edited=&#8220;on|desktop&#8220; global_colors_info=&#8220;{}&#8220; padding_phone=&#8220;|10px||10px||true&#8220; padding_tablet=&#8220;|||&#8220; padding_last_edited=&#8220;on|desktop&#8220; custom_padding__hover=&#8220;|||&#8220;][et_pb_text _builder_version=&#8220;4.16&#8243; text_font=&#8220;Lato||||||||&#8220; text_font_size=&#8220;20px&#8220; text_line_height=&#8220;1.8em&#8220; ul_font=&#8220;||||||||&#8220; ol_font=&#8220;||||||||&#8220; header_font=&#8220;Teko|500||on|||||&#8220; header_text_color=&#8220;#000000&#8243; header_font_size=&#8220;9vw&#8220; header_letter_spacing=&#8220;0.05em&#8220; header_line_height=&#8220;0.9em&#8220; min_height=&#8220;213px&#8220; custom_margin=&#8220;|-10vw|0px|&#8220; custom_margin_tablet=&#8220;|0vw||&#8220; custom_margin_phone=&#8220;|-5vw||&#8220; custom_margin_last_edited=&#8220;on|tablet&#8220; animation_style=&#8220;zoom&#8220; animation_delay=&#8220;100ms&#8220; animation_intensity_zoom=&#8220;10%&#8220; header_font_size_tablet=&#8220;&#8220; header_font_size_phone=&#8220;&#8220; header_font_size_last_edited=&#8220;on|phone&#8220; header_line_height_tablet=&#8220;&#8220; header_line_height_phone=&#8220;1.2em&#8220; header_line_height_last_edited=&#8220;on|phone&#8220; header_text_shadow_style=&#8220;preset1&#8243; header_text_shadow_vertical_length=&#8220;0.18em&#8220; header_text_shadow_blur_strength=&#8220;0.27em&#8220; header_text_shadow_color=&#8220;rgba(0,0,0,0.24)&#8220; global_colors_info=&#8220;{}&#8220;]<\/p>\n<h1>Prices<\/h1>\n<p>Preise g\u00fcltig ab 01.01.2026<\/p>\n<p>&nbsp;<\/p>\n<p>[\/et_pb_text][\/et_pb_column][\/et_pb_row][et_pb_row _builder_version=&#8220;4.16&#8243; _module_preset=&#8220;default&#8220; global_colors_info=&#8220;{}&#8220;][et_pb_column type=&#8220;4_4&#8243; _builder_version=&#8220;4.16&#8243; _module_preset=&#8220;default&#8220; background_color=&#8220;RGBA(0,0,0,0)&#8220; global_colors_info=&#8220;{}&#8220;][et_pb_pricing_tables _builder_version=&#8220;4.20.4&#8243; _module_preset=&#8220;default&#8220; global_colors_info=&#8220;{}&#8220;][et_pb_pricing_table title=&#8220;Doppelzimmer&#8220; subtitle=&#8220;Vollpension&#8220; currency=&#8220;EURO&#8220; sum=&#8220;1050.-&#8220; _builder_version=&#8220;4.20.4&#8243; _module_preset=&#8220;default&#8220; background_color=&#8220;#FFFFFF&#8220; background_enable_color=&#8220;on&#8220; global_colors_info=&#8220;{}&#8220; sticky_transition=&#8220;on&#8220;]<\/p>\n<p>1 Woche im Doppelzimmer f\u00fcr 2 Personen<\/p>\n<p>pro Tag Euro 155.10<\/p>\n<p>[\/et_pb_pricing_table][et_pb_pricing_table title=&#8220;Doppelzimmer&#8220; subtitle=&#8220;Halbpension&#8220; currency=&#8220;EURO    &#8220; sum=&#8220;950.-&#8220; _builder_version=&#8220;4.20.4&#8243; _module_preset=&#8220;default&#8220; global_colors_info=&#8220;{}&#8220; sticky_transition=&#8220;on&#8220;]<\/p>\n<p>1 Woche im Doppelzimmer f\u00fcr 2 Personen<\/p>\n<p>pro Tag Euro 135.70<\/p>\n<p>[\/et_pb_pricing_table][\/et_pb_pricing_tables][et_pb_pricing_tables _builder_version=&#8220;4.20.4&#8243; _module_preset=&#8220;default&#8220; hover_enabled=&#8220;0&#8243; global_colors_info=&#8220;{}&#8220; sticky_enabled=&#8220;0&#8243;][et_pb_pricing_table title=&#8220;Einzelzimmer&#8220; subtitle=&#8220;Vollpension&#8220; currency=&#8220;EURO&#8220; sum=&#8220;810.-&#8220; _builder_version=&#8220;4.20.4&#8243; _module_preset=&#8220;default&#8220; global_colors_info=&#8220;{}&#8220; sticky_transition=&#8220;on&#8220;]<\/p>\n<p>1 Woche im Doppelzimmer zur Einzelnutzung<\/p>\n<p>pro Tag Euro 115.70<\/p>\n<p>[\/et_pb_pricing_table][et_pb_pricing_table title=&#8220;Einzelzimmer&#8220; subtitle=&#8220;Halbpension&#8220; currency=&#8220;EURO&#8220; sum=&#8220;705.-&#8220; _builder_version=&#8220;4.20.4&#8243; _module_preset=&#8220;default&#8220; hover_enabled=&#8220;0&#8243; global_colors_info=&#8220;{}&#8220; sticky_transition=&#8220;on&#8220; sticky_enabled=&#8220;0&#8243;]<\/p>\n<p>1 Woche im Doppelzimmer zur Einzelnutzung<\/p>\n<p>pro Tag Euro 100.70<\/p>\n<p>[\/et_pb_pricing_table][\/et_pb_pricing_tables][et_pb_pricing_tables _builder_version=&#8220;4.20.4&#8243; _module_preset=&#8220;default&#8220; hover_enabled=&#8220;0&#8243; global_colors_info=&#8220;{}&#8220; sticky_enabled=&#8220;0&#8243;][et_pb_pricing_table title=&#8220;3 Bettzimmer&#8220; subtitle=&#8220;Vollpension&#8220; currency=&#8220;EURO&#8220; sum=&#8220;1500.-&#8220; _builder_version=&#8220;4.20.4&#8243; _module_preset=&#8220;default&#8220; global_colors_info=&#8220;{}&#8220; sticky_transition=&#8220;on&#8220;]<\/p>\n<p>1 Woche f\u00fcr 3 Personen<\/p>\n<p>pro Tag Euro 214.30<\/p>\n<p>[\/et_pb_pricing_table][et_pb_pricing_table title=&#8220;3 Bettzimmer&#8220; subtitle=&#8220;Halbpension&#8220; currency=&#8220;EURO&#8220; sum=&#8220;1195.-&#8220; _builder_version=&#8220;4.20.4&#8243; _module_preset=&#8220;default&#8220; hover_enabled=&#8220;0&#8243; global_colors_info=&#8220;{}&#8220; sticky_transition=&#8220;on&#8220; sticky_enabled=&#8220;0&#8243;]<\/p>\n<p>1 Woche f\u00fcr 3 Personen<\/p>\n<p>pro Tag Euro 170.70<\/p>\n<p>[\/et_pb_pricing_table][\/et_pb_pricing_tables][\/et_pb_column][\/et_pb_row][et_pb_row _builder_version=&#8220;4.20.4&#8243; _module_preset=&#8220;default&#8220; global_colors_info=&#8220;{}&#8220;][et_pb_column type=&#8220;4_4&#8243; _builder_version=&#8220;4.20.4&#8243; _module_preset=&#8220;default&#8220; global_colors_info=&#8220;{}&#8220;][et_pb_text _builder_version=&#8220;4.20.4&#8243; _module_preset=&#8220;default&#8220; hover_enabled=&#8220;0&#8243; global_colors_info=&#8220;{}&#8220; sticky_enabled=&#8220;0&#8243;]<\/p>\n<p>Preisliste ist ab dem 01.01.2026 g\u00fcltig.<\/p>\n<p>Kinder bis 6 Jahren Euro 88.00 die Woche.<\/p>\n<p>[\/et_pb_text][\/et_pb_column][\/et_pb_row][et_pb_row _builder_version=&#8220;4.16&#8243; _module_preset=&#8220;default&#8220; global_colors_info=&#8220;{}&#8220;][et_pb_column type=&#8220;4_4&#8243; _builder_version=&#8220;4.16&#8243; _module_preset=&#8220;default&#8220; global_colors_info=&#8220;{}&#8220;][et_pb_contact_form _builder_version=&#8220;4.16&#8243; _module_preset=&#8220;default&#8220; _unique_id=&#8220;3bbf4902-b19a-4298-9be1-71c964eb5842&#8243; global_colors_info=&#8220;{}&#8220;][et_pb_contact_field field_id=&#8220;Name&#8220; field_title=&#8220;Name&#8220; _builder_version=&#8220;4.16&#8243; global_colors_info=&#8220;{}&#8220; button_text_size__hover_enabled=&#8220;off&#8220; button_one_text_size__hover_enabled=&#8220;off&#8220; button_two_text_size__hover_enabled=&#8220;off&#8220; button_text_color__hover_enabled=&#8220;off&#8220; button_one_text_color__hover_enabled=&#8220;off&#8220; button_two_text_color__hover_enabled=&#8220;off&#8220; button_border_width__hover_enabled=&#8220;off&#8220; button_one_border_width__hover_enabled=&#8220;off&#8220; button_two_border_width__hover_enabled=&#8220;off&#8220; button_border_color__hover_enabled=&#8220;off&#8220; button_one_border_color__hover_enabled=&#8220;off&#8220; button_two_border_color__hover_enabled=&#8220;off&#8220; button_border_radius__hover_enabled=&#8220;off&#8220; button_one_border_radius__hover_enabled=&#8220;off&#8220; button_two_border_radius__hover_enabled=&#8220;off&#8220; button_letter_spacing__hover_enabled=&#8220;off&#8220; button_one_letter_spacing__hover_enabled=&#8220;off&#8220; button_two_letter_spacing__hover_enabled=&#8220;off&#8220; button_bg_color__hover_enabled=&#8220;off&#8220; button_one_bg_color__hover_enabled=&#8220;off&#8220; button_two_bg_color__hover_enabled=&#8220;off&#8220;][\/et_pb_contact_field][et_pb_contact_field field_id=&#8220;Email&#8220; field_title=&#8220;E-Mail-Adresse&#8220; field_type=&#8220;email&#8220; _builder_version=&#8220;4.16&#8243; global_colors_info=&#8220;{}&#8220; button_text_size__hover_enabled=&#8220;off&#8220; button_one_text_size__hover_enabled=&#8220;off&#8220; button_two_text_size__hover_enabled=&#8220;off&#8220; button_text_color__hover_enabled=&#8220;off&#8220; button_one_text_color__hover_enabled=&#8220;off&#8220; button_two_text_color__hover_enabled=&#8220;off&#8220; button_border_width__hover_enabled=&#8220;off&#8220; button_one_border_width__hover_enabled=&#8220;off&#8220; button_two_border_width__hover_enabled=&#8220;off&#8220; button_border_color__hover_enabled=&#8220;off&#8220; button_one_border_color__hover_enabled=&#8220;off&#8220; button_two_border_color__hover_enabled=&#8220;off&#8220; button_border_radius__hover_enabled=&#8220;off&#8220; button_one_border_radius__hover_enabled=&#8220;off&#8220; button_two_border_radius__hover_enabled=&#8220;off&#8220; button_letter_spacing__hover_enabled=&#8220;off&#8220; button_one_letter_spacing__hover_enabled=&#8220;off&#8220; button_two_letter_spacing__hover_enabled=&#8220;off&#8220; button_bg_color__hover_enabled=&#8220;off&#8220; button_one_bg_color__hover_enabled=&#8220;off&#8220; button_two_bg_color__hover_enabled=&#8220;off&#8220;][\/et_pb_contact_field][et_pb_contact_field field_id=&#8220;Telefon&#8220; field_title=&#8220;Telefonnummer mit Vorwahl&#8220; required_mark=&#8220;off&#8220; fullwidth_field=&#8220;on&#8220; _builder_version=&#8220;4.16&#8243; _module_preset=&#8220;default&#8220; global_colors_info=&#8220;{}&#8220;][\/et_pb_contact_field][et_pb_contact_field field_id=&#8220;Datum&#8220; field_title=&#8220;Datum&#8220; fullwidth_field=&#8220;on&#8220; _builder_version=&#8220;4.16&#8243; _module_preset=&#8220;default&#8220; global_colors_info=&#8220;{}&#8220;][\/et_pb_contact_field][et_pb_contact_field field_id=&#8220;Tage&#8220; field_title=&#8220;Anzahl Tage&#8220; fullwidth_field=&#8220;on&#8220; _builder_version=&#8220;4.16&#8243; _module_preset=&#8220;default&#8220; global_colors_info=&#8220;{}&#8220;][\/et_pb_contact_field][et_pb_contact_field field_id=&#8220;Anzahl_Personen&#8220; field_title=&#8220;Anzahl Doppel- oder Einzelzimmer&#8220; fullwidth_field=&#8220;on&#8220; _builder_version=&#8220;4.16&#8243; _module_preset=&#8220;default&#8220; global_colors_info=&#8220;{}&#8220;][\/et_pb_contact_field][et_pb_contact_field field_id=&#8220;Message&#8220; field_title=&#8220;Nachricht&#8220; field_type=&#8220;text&#8220; fullwidth_field=&#8220;on&#8220; _builder_version=&#8220;4.16&#8243; global_colors_info=&#8220;{}&#8220; button_text_size__hover_enabled=&#8220;off&#8220; button_one_text_size__hover_enabled=&#8220;off&#8220; button_two_text_size__hover_enabled=&#8220;off&#8220; button_text_color__hover_enabled=&#8220;off&#8220; button_one_text_color__hover_enabled=&#8220;off&#8220; button_two_text_color__hover_enabled=&#8220;off&#8220; button_border_width__hover_enabled=&#8220;off&#8220; button_one_border_width__hover_enabled=&#8220;off&#8220; button_two_border_width__hover_enabled=&#8220;off&#8220; button_border_color__hover_enabled=&#8220;off&#8220; button_one_border_color__hover_enabled=&#8220;off&#8220; button_two_border_color__hover_enabled=&#8220;off&#8220; button_border_radius__hover_enabled=&#8220;off&#8220; button_one_border_radius__hover_enabled=&#8220;off&#8220; button_two_border_radius__hover_enabled=&#8220;off&#8220; button_letter_spacing__hover_enabled=&#8220;off&#8220; button_one_letter_spacing__hover_enabled=&#8220;off&#8220; button_two_letter_spacing__hover_enabled=&#8220;off&#8220; button_bg_color__hover_enabled=&#8220;off&#8220; button_one_bg_color__hover_enabled=&#8220;off&#8220; button_two_bg_color__hover_enabled=&#8220;off&#8220;][\/et_pb_contact_field][\/et_pb_contact_form][\/et_pb_column][\/et_pb_row][\/et_pb_section][et_pb_section fb_built=&#8220;1&#8243; prev_background_color=&#8220;#ffffff&#8220; admin_label=&#8220;Resources&#8220; _builder_version=&#8220;4.16&#8243; use_background_color_gradient=&#8220;on&#8220; background_color_gradient_stops=&#8220;rgba(27,31,37,0.6) 0%|#1b1f25 100%&#8220; background_color_gradient_overlays_image=&#8220;on&#8220; background_color_gradient_start=&#8220;rgba(27,31,37,0.6)&#8220; background_color_gradient_end=&#8220;#1b1f25&#8243; background_image=&#8220;http:\/\/sweet-home-egypt.de\/wp-b580d-content\/uploads\/2021\/09\/20210804_075735-scaled.jpg&#8220; custom_margin=&#8220;0px|||||&#8220; custom_padding=&#8220;150px||164px||false|false&#8220; top_divider_style=&#8220;arrow&#8220; top_divider_height_tablet=&#8220;&#8220; top_divider_height_phone=&#8220;50px&#8220; top_divider_height_last_edited=&#8220;on|phone&#8220; global_colors_info=&#8220;{}&#8220;][et_pb_row _builder_version=&#8220;4.16&#8243; module_alignment=&#8220;center&#8220; custom_width_px=&#8220;700px&#8220; global_colors_info=&#8220;{}&#8220;][et_pb_column type=&#8220;4_4&#8243; _builder_version=&#8220;4.16&#8243; custom_padding=&#8220;|||&#8220; global_colors_info=&#8220;{}&#8220; custom_padding__hover=&#8220;|||&#8220;][et_pb_text _builder_version=&#8220;4.16&#8243; text_font=&#8220;Lato||||||||&#8220; text_font_size=&#8220;20px&#8220; text_line_height=&#8220;1.8em&#8220; ul_font=&#8220;||||||||&#8220; ol_font=&#8220;||||||||&#8220; header_font=&#8220;||||||||&#8220; header_2_font=&#8220;Teko||||||||&#8220; header_2_font_size=&#8220;96px&#8220; header_3_font=&#8220;||||||||&#8220; header_4_font=&#8220;||||||||&#8220; header_5_font=&#8220;||||||||&#8220; header_6_font=&#8220;||||||||&#8220; text_orientation=&#8220;center&#8220; background_layout=&#8220;dark&#8220; max_width=&#8220;700px&#8220; module_alignment=&#8220;center&#8220; custom_margin=&#8220;||0px|&#8220; header_2_font_size_tablet=&#8220;66px&#8220; header_2_font_size_phone=&#8220;36px&#8220; header_2_font_size_last_edited=&#8220;on|phone&#8220; global_colors_info=&#8220;{}&#8220;][\/et_pb_text][\/et_pb_column][\/et_pb_row][\/et_pb_section]<\/p>","protected":false},"excerpt":{"rendered":"<p>Preise Preise g\u00fcltig ab 01.01.2026 &nbsp;1 Woche im Doppelzimmer f\u00fcr 2 Personen pro Tag Euro 155.101 Woche im Doppelzimmer f\u00fcr 2 Personen pro Tag Euro 135.701 Woche im Doppelzimmer zur Einzelnutzung pro Tag Euro 115.701 Woche im Doppelzimmer zur Einzelnutzung pro Tag Euro 100.701 Woche f\u00fcr 3 Personen pro Tag Euro 214.301 Woche f\u00fcr 3 [&hellip;]<\/p>","protected":false},"author":1,"featured_media":0,"parent":0,"menu_order":0,"comment_status":"closed","ping_status":"closed","template":"","meta":{"_et_pb_use_builder":"on","_et_pb_old_content":"<!-- wp:divi\/placeholder \/-->","_et_gb_content_width":"","footnotes":""},"class_list":["post-67","page","type-page","status-publish","hentry"],"_links":{"self":[{"href":"http:\/\/sweet-home-egypt.de\/en\/wp-json\/wp\/v2\/pages\/67","targetHints":{"allow":["GET"]}}],"collection":[{"href":"http:\/\/sweet-home-egypt.de\/en\/wp-json\/wp\/v2\/pages"}],"about":[{"href":"http:\/\/sweet-home-egypt.de\/en\/wp-json\/wp\/v2\/types\/page"}],"author":[{"embeddable":true,"href":"http:\/\/sweet-home-egypt.de\/en\/wp-json\/wp\/v2\/users\/1"}],"replies":[{"embeddable":true,"href":"http:\/\/sweet-home-egypt.de\/en\/wp-json\/wp\/v2\/comments?post=67"}],"version-history":[{"count":32,"href":"http:\/\/sweet-home-egypt.de\/en\/wp-json\/wp\/v2\/pages\/67\/revisions"}],"predecessor-version":[{"id":837,"href":"http:\/\/sweet-home-egypt.de\/en\/wp-json\/wp\/v2\/pages\/67\/revisions\/837"}],"wp:attachment":[{"href":"http:\/\/sweet-home-egypt.de\/en\/wp-json\/wp\/v2\/media?parent=67"}],"curies":[{"name":"wp","href":"https:\/\/api.w.org\/{rel}","templated":true}]}}